{"id":26718,"date":"2022-11-23T17:00:46","date_gmt":"2022-11-23T17:00:46","guid":{"rendered":"https:\/\/gcg-structuring.com\/vie-privee-politique\/"},"modified":"2026-04-21T20:16:02","modified_gmt":"2026-04-21T20:16:02","slug":"politique-de-confidentialite","status":"publish","type":"page","link":"https:\/\/gcg-structuring.com\/fr\/politique-de-confidentialite\/","title":{"rendered":"Politique de confidentialite"},"content":{"rendered":"\t\t<div data-elementor-type=\"wp-page\" data-elementor-id=\"26718\" class=\"elementor elementor-26718 elementor-11556\" data-elementor-post-type=\"page\">\n\t\t\t\t<div class=\"elementor-element elementor-element-6641318 founder-line_one e-flex e-con-boxed e-con e-parent\" data-id=\"6641318\" data-element_type=\"container\" data-e-type=\"container\" id=\"founder-line_one\" data-settings=\"{&quot;background_background&quot;:&quot;classic&quot;}\">\n\t\t\t\t\t<div class=\"e-con-inner\">\n\t\t<div class=\"elementor-element elementor-element-361f11c e-con-full e-flex e-con e-child\" data-id=\"361f11c\" data-element_type=\"container\" data-e-type=\"container\" data-settings=\"{&quot;background_background&quot;:&quot;classic&quot;}\">\n\t\t\t\t<div class=\"elementor-element elementor-element-71b96ed elementor-widget-mobile__width-initial animated-slow elementor-widget__width-inherit elementor-invisible elementor-widget elementor-widget-heading\" data-id=\"71b96ed\" data-element_type=\"widget\" data-e-type=\"widget\" data-settings=\"{&quot;_animation&quot;:&quot;fadeInDown&quot;}\" data-widget_type=\"heading.default\">\n\t\t\t\t\t<h1 class=\"elementor-heading-title elementor-size-default\">Politique de<br> confidentialit\u00e9\n<\/h1>\t\t\t\t<\/div>\n\t\t\t\t<div class=\"elementor-element elementor-element-34eb3ec elementor-widget elementor-widget-heading\" data-id=\"34eb3ec\" data-element_type=\"widget\" data-e-type=\"widget\" data-widget_type=\"heading.default\">\n\t\t\t\t\t<h2 class=\"elementor-heading-title elementor-size-default\">Qui sommes-nous ?<\/h2>\t\t\t\t<\/div>\n\t\t\t\t<div class=\"elementor-element elementor-element-714896e animated-slow elementor-widget elementor-widget-text-editor\" data-id=\"714896e\" data-element_type=\"widget\" data-e-type=\"widget\" data-settings=\"{&quot;_animation&quot;:&quot;none&quot;}\" data-widget_type=\"text-editor.default\">\n\t\t\t\t\t\t\t\t\t<p>L&rsquo;adresse de notre site web est : https:\/\/gcg-structuring.com<\/p>\t\t\t\t\t\t\t\t<\/div>\n\t\t\t\t<div class=\"elementor-element elementor-element-36352ee elementor-widget elementor-widget-heading\" data-id=\"36352ee\" data-element_type=\"widget\" data-e-type=\"widget\" data-widget_type=\"heading.default\">\n\t\t\t\t\t<h2 class=\"elementor-heading-title elementor-size-default\">Quelles donn\u00e9es personnelles nous collectons et pourquoi\n<\/h2>\t\t\t\t<\/div>\n\t\t\t\t<div class=\"elementor-element elementor-element-5d544e3 elementor-widget elementor-widget-heading\" data-id=\"5d544e3\" data-element_type=\"widget\" data-e-type=\"widget\" data-widget_type=\"heading.default\">\n\t\t\t\t\t<h4 class=\"elementor-heading-title elementor-size-default\">Commentaires<\/h4>\t\t\t\t<\/div>\n\t\t\t\t<div class=\"elementor-element elementor-element-63bab01 elementor-widget elementor-widget-text-editor\" data-id=\"63bab01\" data-element_type=\"widget\" data-e-type=\"widget\" data-widget_type=\"text-editor.default\">\n\t\t\t\t\t\t\t\t\t<p><span style=\"font-weight: 400;\">Lorsque les visiteurs laissent des commentaires sur le site, nous collectons les donn\u00e9es indiqu\u00e9es dans le formulaire de commentaires, ainsi que l&rsquo;adresse IP du visiteur et la cha\u00eene user agent de son navigateur, afin de faciliter la d\u00e9tection des spams.<\/span><\/p><p><span style=\"font-weight: 400;\">Une cha\u00eene anonymis\u00e9e cr\u00e9\u00e9e \u00e0 partir de votre adresse e-mail (\u00e9galement appel\u00e9e hash) peut \u00eatre transmise au service Gravatar afin de v\u00e9rifier si vous l&rsquo;utilisez. La politique de confidentialit\u00e9 du service Gravatar est disponible ici : https:\/\/automattic.com\/privacy\/. Apr\u00e8s approbation de votre commentaire, votre photo de profil est visible publiquement dans le contexte de votre commentaire.<\/span><\/p>\t\t\t\t\t\t\t\t<\/div>\n\t\t\t\t<div class=\"elementor-element elementor-element-a4bd553 elementor-widget elementor-widget-heading\" data-id=\"a4bd553\" data-element_type=\"widget\" data-e-type=\"widget\" data-widget_type=\"heading.default\">\n\t\t\t\t\t<h4 class=\"elementor-heading-title elementor-size-default\">M\u00e9dias\n<\/h4>\t\t\t\t<\/div>\n\t\t\t\t<div class=\"elementor-element elementor-element-a1d05ec elementor-widget elementor-widget-text-editor\" data-id=\"a1d05ec\" data-element_type=\"widget\" data-e-type=\"widget\" data-widget_type=\"text-editor.default\">\n\t\t\t\t\t\t\t\t\t<p><span style=\"font-weight: 400;\">Si vous t\u00e9l\u00e9chargez des images sur le site, \u00e9vitez d&rsquo;envoyer des images contenant des donn\u00e9es de localisation int\u00e9gr\u00e9es (GPS EXIF). Les visiteurs du site peuvent t\u00e9l\u00e9charger et extraire toutes les donn\u00e9es de localisation pr\u00e9sentes dans les images du site.<\/span><\/p>\t\t\t\t\t\t\t\t<\/div>\n\t\t\t\t<div class=\"elementor-element elementor-element-bb03777 elementor-widget elementor-widget-heading\" data-id=\"bb03777\" data-element_type=\"widget\" data-e-type=\"widget\" data-widget_type=\"heading.default\">\n\t\t\t\t\t<h3 class=\"elementor-heading-title elementor-size-default\">Formulaires de contact\n<\/h3>\t\t\t\t<\/div>\n\t\t\t\t<div class=\"elementor-element elementor-element-fe8891c elementor-widget elementor-widget-heading\" data-id=\"fe8891c\" data-element_type=\"widget\" data-e-type=\"widget\" data-widget_type=\"heading.default\">\n\t\t\t\t\t<h4 class=\"elementor-heading-title elementor-size-default\">Cookies<\/h4>\t\t\t\t<\/div>\n\t\t\t\t<div class=\"elementor-element elementor-element-29beced animated-slow elementor-widget elementor-widget-text-editor\" data-id=\"29beced\" data-element_type=\"widget\" data-e-type=\"widget\" data-settings=\"{&quot;_animation&quot;:&quot;none&quot;}\" data-widget_type=\"text-editor.default\">\n\t\t\t\t\t\t\t\t\t<p><span style=\"font-weight: 400;\">Il faut du temps pour construire une relation de confiance, et nous cultivons avec engagement une culture de collaboration et de respect mutuel avec l&rsquo;ensemble de nos clients. La majorit\u00e9 de nos clients nous rejoignent gr\u00e2ce au bouche-\u00e0-oreille et aux recommandations de clients satisfaits.<\/span><\/p>\t\t\t\t\t\t\t\t<\/div>\n\t\t\t\t<div class=\"elementor-element elementor-element-9b1ef29 elementor-widget elementor-widget-heading\" data-id=\"9b1ef29\" data-element_type=\"widget\" data-e-type=\"widget\" data-widget_type=\"heading.default\">\n\t\t\t\t\t<h4 class=\"elementor-heading-title elementor-size-default\">M\u00e9dias\n<\/h4>\t\t\t\t<\/div>\n\t\t\t\t<div class=\"elementor-element elementor-element-9e49ba5 animated-slow elementor-widget elementor-widget-text-editor\" data-id=\"9e49ba5\" data-element_type=\"widget\" data-e-type=\"widget\" data-settings=\"{&quot;_animation&quot;:&quot;none&quot;}\" data-widget_type=\"text-editor.default\">\n\t\t\t\t\t\t\t\t\t<p><span style=\"font-weight: 400;\">Si vous laissez un commentaire sur notre site, vous pouvez choisir d&rsquo;enregistrer votre nom, votre adresse e-mail et votre site web dans des cookies. Ces cookies sont destin\u00e9s \u00e0 votre confort, afin que vous n&rsquo;ayez pas \u00e0 saisir \u00e0 nouveau vos informations lors d&rsquo;un prochain commentaire. Ces cookies ont une dur\u00e9e de vie d&rsquo;un an.<\/span><\/p><p><span style=\"font-weight: 400;\">Si vous visitez notre page de connexion, nous placerons un cookie temporaire pour d\u00e9terminer si votre navigateur accepte les cookies. Ce cookie ne contient aucune donn\u00e9e personnelle et est supprim\u00e9 \u00e0 la fermeture de votre navigateur.<\/span><\/p><p><span style=\"font-weight: 400;\">Lors de votre connexion, nous installerons \u00e9galement plusieurs cookies pour enregistrer vos informations de connexion et vos pr\u00e9f\u00e9rences d&rsquo;affichage. Les cookies de connexion durent deux jours, et les cookies de pr\u00e9f\u00e9rences d&rsquo;affichage durent un an. Si vous cochez \u00ab Se souvenir de moi \u00bb, votre session restera active pendant deux semaines. Si vous vous d\u00e9connectez, les cookies de connexion seront supprim\u00e9s.<\/span><\/p><p><span style=\"font-weight: 400;\">Si vous modifiez ou publiez un article, un cookie suppl\u00e9mentaire sera enregistr\u00e9 dans votre navigateur. Ce cookie ne contient aucune donn\u00e9e personnelle et indique simplement l&rsquo;identifiant de l&rsquo;article que vous venez de modifier. Il expire apr\u00e8s 1 jour.<\/span><\/p><p><b>Contenu int\u00e9gr\u00e9 provenant d&rsquo;autres sites<\/b><\/p><p><span style=\"font-weight: 400;\">Les articles de ce site peuvent inclure du contenu int\u00e9gr\u00e9 (par exemple, des vid\u00e9os, des images, des articles, etc.). Le contenu int\u00e9gr\u00e9 provenant d&rsquo;autres sites se comporte exactement comme si le visiteur avait visit\u00e9 ces autres sites.<\/span><\/p><p><span style=\"font-weight: 400;\">Ces sites peuvent collecter des donn\u00e9es vous concernant, utiliser des cookies, int\u00e9grer des dispositifs de suivi tiers suppl\u00e9mentaires, et surveiller votre interaction avec ce contenu int\u00e9gr\u00e9, y compris le suivi de vos interactions si vous poss\u00e9dez un compte et \u00eates connect\u00e9 \u00e0 ce site.<\/span><\/p>\t\t\t\t\t\t\t\t<\/div>\n\t\t\t\t<div class=\"elementor-element elementor-element-8bcdb71 elementor-widget elementor-widget-heading\" data-id=\"8bcdb71\" data-element_type=\"widget\" data-e-type=\"widget\" data-widget_type=\"heading.default\">\n\t\t\t\t\t<h3 class=\"elementor-heading-title elementor-size-default\">Analytique\n<\/h3>\t\t\t\t<\/div>\n\t\t\t\t<div class=\"elementor-element elementor-element-2b4dba7 elementor-widget elementor-widget-heading\" data-id=\"2b4dba7\" data-element_type=\"widget\" data-e-type=\"widget\" data-widget_type=\"heading.default\">\n\t\t\t\t\t<h4 class=\"elementor-heading-title elementor-size-default\">Avec qui nous partageons vos donn\u00e9es<br>\nDur\u00e9e de conservation de vos donn\u00e9es\n\n<\/h4>\t\t\t\t<\/div>\n\t\t\t\t<div class=\"elementor-element elementor-element-9d99207 elementor-widget elementor-widget-text-editor\" data-id=\"9d99207\" data-element_type=\"widget\" data-e-type=\"widget\" data-widget_type=\"text-editor.default\">\n\t\t\t\t\t\t\t\t\t<p><span style=\"font-weight: 400;\">Si vous laissez un commentaire, le commentaire et ses m\u00e9tadonn\u00e9es sont conserv\u00e9s ind\u00e9finiment. Cela nous permet de reconna\u00eetre et d&rsquo;approuver automatiquement les commentaires de suivi, sans les placer dans une file de mod\u00e9ration.<\/span><\/p><p><span style=\"font-weight: 400;\">Pour les utilisateurs qui s&rsquo;inscrivent sur notre site (le cas \u00e9ch\u00e9ant), nous conservons \u00e9galement les informations personnelles qu&rsquo;ils fournissent dans leur profil. Tous les utilisateurs peuvent consulter, modifier ou supprimer leurs informations personnelles \u00e0 tout moment (sauf leur nom d&rsquo;utilisateur). Les administrateurs du site peuvent \u00e9galement consulter et modifier ces informations.<\/span><\/p><p>Pour les utilisateurs qui s&rsquo;inscrivent sur notre site web (le cas \u00e9ch\u00e9ant), nous stockons \u00e9galement les informations personnelles qu&rsquo;ils fournissent dans leur profil d&rsquo;utilisateur. Tous les utilisateurs peuvent voir, modifier ou supprimer leurs informations personnelles \u00e0 tout moment (sauf qu&rsquo;ils ne peuvent pas changer leur nom d&rsquo;utilisateur). Les administrateurs du site web peuvent \u00e9galement consulter et modifier ces informations.<br \/>Quels sont vos droits sur vos donn\u00e9es ?<br \/>Si vous avez un compte sur ce site, ou si vous avez laiss\u00e9 des commentaires, vous pouvez demander \u00e0 recevoir un fichier export\u00e9 des donn\u00e9es personnelles que nous d\u00e9tenons \u00e0 votre sujet, y compris toutes les donn\u00e9es que vous nous avez fournies. Vous pouvez \u00e9galement nous demander d&rsquo;effacer toutes les donn\u00e9es personnelles que nous d\u00e9tenons \u00e0 votre sujet. Cela n&rsquo;inclut pas les donn\u00e9es que nous sommes oblig\u00e9s de conserver \u00e0 des fins administratives, juridiques ou de s\u00e9curit\u00e9.<\/p>\t\t\t\t\t\t\t\t<\/div>\n\t\t\t\t<div class=\"elementor-element elementor-element-043ff76 elementor-widget elementor-widget-heading\" data-id=\"043ff76\" data-element_type=\"widget\" data-e-type=\"widget\" data-widget_type=\"heading.default\">\n\t\t\t\t\t<h3 class=\"elementor-heading-title elementor-size-default\">Vos droits sur vos donn\u00e9es\n<\/h3>\t\t\t\t<\/div>\n\t\t\t\t<div class=\"elementor-element elementor-element-02755d3 elementor-widget elementor-widget-text-editor\" data-id=\"02755d3\" data-element_type=\"widget\" data-e-type=\"widget\" data-widget_type=\"text-editor.default\">\n\t\t\t\t\t\t\t\t\t<p><span style=\"font-weight: 400;\">Si vous avez un compte sur ce site ou avez laiss\u00e9 des commentaires, vous pouvez demander \u00e0 recevoir un fichier export\u00e9 contenant toutes les donn\u00e9es personnelles que nous d\u00e9tenons vous concernant, y compris les donn\u00e9es que vous nous avez fournies. Vous pouvez \u00e9galement demander la suppression de toutes les donn\u00e9es personnelles vous concernant. Cela ne comprend pas les donn\u00e9es que nous sommes tenus de conserver \u00e0 des fins administratives, l\u00e9gales ou de s\u00e9curit\u00e9.<\/span><\/p>\t\t\t\t\t\t\t\t<\/div>\n\t\t\t\t<div class=\"elementor-element elementor-element-bff0139 elementor-widget elementor-widget-heading\" data-id=\"bff0139\" data-element_type=\"widget\" data-e-type=\"widget\" data-widget_type=\"heading.default\">\n\t\t\t\t\t<h3 class=\"elementor-heading-title elementor-size-default\">O\u00f9 nous envoyons vos donn\u00e9es\n<\/h3>\t\t\t\t<\/div>\n\t\t\t\t<div class=\"elementor-element elementor-element-3453e29 elementor-widget elementor-widget-text-editor\" data-id=\"3453e29\" data-element_type=\"widget\" data-e-type=\"widget\" data-widget_type=\"text-editor.default\">\n\t\t\t\t\t\t\t\t\t<p><span style=\"font-weight: 400;\">Les commentaires des visiteurs peuvent \u00eatre v\u00e9rifi\u00e9s via un service automatis\u00e9 de d\u00e9tection des spams.<\/span><\/p>\t\t\t\t\t\t\t\t<\/div>\n\t\t\t\t<div class=\"elementor-element elementor-element-db21332 elementor-widget elementor-widget-heading\" data-id=\"db21332\" data-element_type=\"widget\" data-e-type=\"widget\" data-widget_type=\"heading.default\">\n\t\t\t\t\t<p class=\"elementor-heading-title elementor-size-default\">Vos coordonn\u00e9es<br>\nInformations suppl\u00e9mentaires<br>\nComment nous prot\u00e9geons vos donn\u00e9es<br>\nProc\u00e9dures en cas de violation de donn\u00e9es<br>\nDonn\u00e9es que nous recevons de tiers<br>\nPrise de d\u00e9cision automatis\u00e9e et\/ou profilage<br>\n\nExigences r\u00e9glementaires sectorielles...<\/p>\t\t\t\t<\/div>\n\t\t\t\t<\/div>\n\t\t\t\t\t<\/div>\n\t\t\t\t<\/div>\n\t\t\t\t<\/div>\n\t\t","protected":false},"excerpt":{"rendered":"<p>Politique de confidentialit\u00e9 Qui sommes-nous ? L&rsquo;adresse de notre site web est : https:\/\/gcg-structuring.com Quelles donn\u00e9es personnelles nous collectons et pourquoi Commentaires Lorsque les visiteurs laissent des commentaires sur le site, nous collectons les donn\u00e9es indiqu\u00e9es dans le formulaire de commentaires, ainsi que l&rsquo;adresse IP du visiteur et la cha\u00eene user agent de son navigateur, [&hellip;]<\/p>\n","protected":false},"author":7,"featured_media":0,"parent":0,"menu_order":0,"comment_status":"closed","ping_status":"closed","template":"elementor_header_footer","meta":{"footnotes":""},"class_list":["post-26718","page","type-page","status-publish","hentry"],"blocksy_meta":{"styles_descriptor":{"styles":{"desktop":"","tablet":"","mobile":""},"google_fonts":[],"version":6}},"_links":{"self":[{"href":"https:\/\/gcg-structuring.com\/fr\/wp-json\/wp\/v2\/pages\/26718","targetHints":{"allow":["GET"]}}],"collection":[{"href":"https:\/\/gcg-structuring.com\/fr\/wp-json\/wp\/v2\/pages"}],"about":[{"href":"https:\/\/gcg-structuring.com\/fr\/wp-json\/wp\/v2\/types\/page"}],"author":[{"embeddable":true,"href":"https:\/\/gcg-structuring.com\/fr\/wp-json\/wp\/v2\/users\/7"}],"replies":[{"embeddable":true,"href":"https:\/\/gcg-structuring.com\/fr\/wp-json\/wp\/v2\/comments?post=26718"}],"version-history":[{"count":4,"href":"https:\/\/gcg-structuring.com\/fr\/wp-json\/wp\/v2\/pages\/26718\/revisions"}],"predecessor-version":[{"id":40487,"href":"https:\/\/gcg-structuring.com\/fr\/wp-json\/wp\/v2\/pages\/26718\/revisions\/40487"}],"wp:attachment":[{"href":"https:\/\/gcg-structuring.com\/fr\/wp-json\/wp\/v2\/media?parent=26718"}],"curies":[{"name":"wp","href":"https:\/\/api.w.org\/{rel}","templated":true}]}}